{"id":12954,"date":"2020-08-27T08:23:10","date_gmt":"2020-08-27T08:23:10","guid":{"rendered":"https:\/\/drlaptop.pl\/lp\/?page_id=12954"},"modified":"2022-12-01T11:12:50","modified_gmt":"2022-12-01T10:12:50","slug":"polityka-prywatnosci","status":"publish","type":"page","link":"https:\/\/drlaptop.pl\/lp\/polityka-prywatnosci\/","title":{"rendered":"Polityka Prywatno\u015bci"},"content":{"rendered":"\t\t<div data-elementor-type=\"wp-page\" data-elementor-id=\"12954\" class=\"elementor elementor-12954\">\n\t\t\t\t\t\t<section class=\"elementor-section elementor-top-section elementor-element elementor-element-2b1184b0 elementor-section-boxed elementor-section-height-default elementor-section-height-default sc_fly_static\" data-id=\"2b1184b0\" data-element_type=\"section\" data-e-type=\"section\" data-settings=\"{&quot;background_background&quot;:&quot;classic&quot;}\">\n\t\t\t\t\t\t<div class=\"elementor-container elementor-column-gap-extended\">\n\t\t\t\t\t<div class=\"elementor-column elementor-col-100 elementor-top-column elementor-element elementor-element-153e1c19 sc_inner_width_none sc_content_align_inherit sc_layouts_column_icons_position_left sc_fly_static\" data-id=\"153e1c19\" data-element_type=\"column\" data-e-type=\"column\">\n\t\t\t<div class=\"elementor-widget-wrap elementor-element-populated\">\n\t\t\t\t\t\t<div class=\"elementor-element elementor-element-54db29de sc_fly_static elementor-widget elementor-widget-text-editor\" data-id=\"54db29de\" data-element_type=\"widget\" data-e-type=\"widget\" data-widget_type=\"text-editor.default\">\n\t\t\t\t<div class=\"elementor-widget-container\">\n\t\t\t\t\t\t\t\t\t<h2>Ustawienia prywatno\u015bci<\/h2><h4>Niezb\u0119dne pliki cookies<\/h4><p>Nasza strona internetowa wymaga plik\u00f3w cookies do prawid\u0142owego funkcjonowania. S\u0105 to m.in. pliki, kt\u00f3re pozwalaj\u0105 zapami\u0119ta\u0107 Twoje preferencje, ustawienia, zgody, itp. Dzi\u0119ki tym plikom mo\u017cemy m.in. zapyta\u0107 Ci\u0119 o zgod\u0119 na dzia\u0142ania analityczne i marketingowe, oraz &#8211; co r\u00f3wnie istotne &#8211; zapami\u0119ta\u0107 Twoj\u0105 decyzj\u0119.<\/p><h4>Analityczne pliki cookies<\/h4><p>Dzi\u0119ki tym plikom cookies, mo\u017cemy udoskonala\u0107 nasz\u0105 stron\u0119 internetow\u0105 i podejmowa\u0107 \u015bwiadome decyzje dot. rozwoju naszej oferty. Poni\u017csze narz\u0119dzia zbieraj\u0105 wy\u0142\u0105cznie takie dane, kt\u00f3rych nie mo\u017cna wykorzysta\u0107 do identyfikacji Ciebie, czy innej konkretnej osoby. Dane te mog\u0105 zawiera\u0107 informacje o sposobie korzystania z naszej strony internetowej (np. czas sp\u0119dzony w witrynie, odwiedzone zak\u0142adki, podj\u0119te dzia\u0142ania, wykonane klikni\u0119cia, geolokalizacja dostawcy internetowego, informacje o urz\u0105dzeniu, itp.). Zbieramy je za po\u015brednictwem poni\u017cszych operator\u00f3w i zewn\u0119trznych us\u0142ug:<\/p><h4>Google Analytics, Google Audiences<\/h4><p>[gdpr_consent_analytics]<\/p><h4>Marketingowe pliki cookies<\/h4><p>Dzi\u0119ki tym plikom cookies mo\u017cemy skuteczniej oferowa\u0107 nasze us\u0142ugi wszystkim zainteresowanym klientom. Pliki te w \u017caden spos\u00f3b nie identyfikuj\u0105 Ciebie, b\u0105d\u017a innych, konkretnych os\u00f3b. Mog\u0105 pos\u0142u\u017cy\u0107 do profilowania reklam i komunikat\u00f3w marketingowych, kt\u00f3re Ci wy\u015bwietlamy. Przyk\u0142adowo, mo\u017cemy wy\u015bwietla\u0107 inn\u0105 reklam\u0119 osobom zainteresowanym tworzeniem stron internetowych, a inn\u0105 klientom zainteresowanym marketingiem. Umo\u017cliwiaj\u0105 nam to pliki cookies od poni\u017cszych operator\u00f3w i z us\u0142ug zewn\u0119trznych:<\/p><p>Google Ads, Google Dynamic Remarketing, DoubleClick, DoubleClick Ad Exchange, Google User Lists<\/p><p>[gdpr_consent_marketing]<\/p>\t\t\t\t\t\t\t\t<\/div>\n\t\t\t\t<\/div>\n\t\t\t\t\t<\/div>\n\t\t<\/div>\n\t\t\t\t\t<\/div>\n\t\t<\/section>\n\t\t\t\t<section class=\"elementor-section elementor-top-section elementor-element elementor-element-7ef86bc8 elementor-section-boxed elementor-section-height-default elementor-section-height-default sc_fly_static\" data-id=\"7ef86bc8\" data-element_type=\"section\" data-e-type=\"section\">\n\t\t\t\t\t\t<div class=\"elementor-container elementor-column-gap-extended\">\n\t\t\t\t\t<div class=\"elementor-column elementor-col-100 elementor-top-column elementor-element elementor-element-19372eea sc_inner_width_none sc_content_align_inherit sc_layouts_column_icons_position_left sc_fly_static\" data-id=\"19372eea\" data-element_type=\"column\" data-e-type=\"column\">\n\t\t\t<div class=\"elementor-widget-wrap elementor-element-populated\">\n\t\t\t\t\t\t<div class=\"elementor-element elementor-element-690b98ed sc_fly_static elementor-widget elementor-widget-spacer\" data-id=\"690b98ed\" data-element_type=\"widget\" data-e-type=\"widget\" data-widget_type=\"spacer.default\">\n\t\t\t\t<div class=\"elementor-widget-container\">\n\t\t\t\t\t\t\t<div class=\"elementor-spacer\">\n\t\t\t<div class=\"elementor-spacer-inner\"><\/div>\n\t\t<\/div>\n\t\t\t\t\t\t<\/div>\n\t\t\t\t<\/div>\n\t\t\t\t\t<\/div>\n\t\t<\/div>\n\t\t\t\t\t<\/div>\n\t\t<\/section>\n\t\t\t\t<section class=\"elementor-section elementor-top-section elementor-element elementor-element-a2ec18c elementor-section-boxed elementor-section-height-default elementor-section-height-default sc_fly_static\" data-id=\"a2ec18c\" data-element_type=\"section\" data-e-type=\"section\" data-settings=\"{&quot;background_background&quot;:&quot;classic&quot;}\">\n\t\t\t\t\t\t<div class=\"elementor-container elementor-column-gap-extended\">\n\t\t\t\t\t<div class=\"elementor-column elementor-col-100 elementor-top-column elementor-element elementor-element-e4f67bc sc_inner_width_none sc_content_align_inherit sc_layouts_column_icons_position_left sc_fly_static\" data-id=\"e4f67bc\" data-element_type=\"column\" data-e-type=\"column\">\n\t\t\t<div class=\"elementor-widget-wrap elementor-element-populated\">\n\t\t\t\t\t\t<div class=\"elementor-element elementor-element-fc87c00 sc_fly_static elementor-widget elementor-widget-text-editor\" data-id=\"fc87c00\" data-element_type=\"widget\" data-e-type=\"widget\" data-widget_type=\"text-editor.default\">\n\t\t\t\t<div class=\"elementor-widget-container\">\n\t\t\t\t\t\t\t\t\t<h2>Polityka prywatno\u015bci<\/h2><p>I. Administrator danych osobowych<\/p><p>Tutaj tre\u015b\u0107 polityki prywatno\u015bci<\/p><p>II. Cel i podstawy przetwarzania danych osobowych<\/p><p>Tutaj tre\u015b\u0107 polityki prywatno\u015bci<\/p><p>III. Odbiorcy danych. Przekazywanie danych do pa\u0144stw trzecich\u00a0<\/p><p>Tutaj tre\u015b\u0107 polityki prywatno\u015bci<\/p><p>IV. Okres przechowywania danych osobowych<\/p><p>Tutaj tre\u015b\u0107 polityki prywatno\u015bci<\/p><p>V. Uprawnienia osoby, kt\u00f3rej dane dotycz\u0105\u00a0<\/p><p>Tutaj tre\u015b\u0107 polityki prywatno\u015bci<\/p><p>VI. Profilowanie<\/p><p>Tutaj tre\u015b\u0107 polityki prywatno\u015bci<\/p><p>Polityka Cookies<\/p><p>Tutaj tre\u015b\u0107 dot. plik\u00f3w cookies<\/p>\t\t\t\t\t\t\t\t<\/div>\n\t\t\t\t<\/div>\n\t\t\t\t\t<\/div>\n\t\t<\/div>\n\t\t\t\t\t<\/div>\n\t\t<\/section>\n\t\t\t\t<section class=\"elementor-section elementor-top-section elementor-element elementor-element-1ce0fbce elementor-section-boxed elementor-section-height-default elementor-section-height-default sc_fly_static\" data-id=\"1ce0fbce\" data-element_type=\"section\" data-e-type=\"section\">\n\t\t\t\t\t\t<div class=\"elementor-container elementor-column-gap-extended\">\n\t\t\t\t\t<div class=\"elementor-column elementor-col-100 elementor-top-column elementor-element elementor-element-71737124 sc_inner_width_none sc_content_align_inherit sc_layouts_column_icons_position_left sc_fly_static\" data-id=\"71737124\" data-element_type=\"column\" data-e-type=\"column\">\n\t\t\t<div class=\"elementor-widget-wrap elementor-element-populated\">\n\t\t\t\t\t\t<div class=\"elementor-element elementor-element-653057c1 sc_fly_static elementor-widget elementor-widget-spacer\" data-id=\"653057c1\" data-element_type=\"widget\" data-e-type=\"widget\" data-widget_type=\"spacer.default\">\n\t\t\t\t<div class=\"elementor-widget-container\">\n\t\t\t\t\t\t\t<div class=\"elementor-spacer\">\n\t\t\t<div class=\"elementor-spacer-inner\"><\/div>\n\t\t<\/div>\n\t\t\t\t\t\t<\/div>\n\t\t\t\t<\/div>\n\t\t\t\t\t<\/div>\n\t\t<\/div>\n\t\t\t\t\t<\/div>\n\t\t<\/section>\n\t\t\t\t<\/div>\n\t\t","protected":false},"excerpt":{"rendered":"<p>Ustawienia prywatno\u015bci Niezb\u0119dne pliki cookies Nasza strona internetowa wymaga plik\u00f3w cookies do prawid\u0142owego funkcjonowania. S\u0105 to m.in. pliki, kt\u00f3re pozwalaj\u0105 zapami\u0119ta\u0107 Twoje preferencje, ustawienia, zgody, itp. Dzi\u0119ki tym plikom mo\u017cemy&hellip;<\/p>\n","protected":false},"author":1,"featured_media":0,"parent":0,"menu_order":0,"comment_status":"closed","ping_status":"closed","template":"","meta":{"footnotes":""},"class_list":["post-12954","page","type-page","status-publish","hentry"],"acf":[],"_links":{"self":[{"href":"https:\/\/drlaptop.pl\/lp\/wp-json\/wp\/v2\/pages\/12954","targetHints":{"allow":["GET"]}}],"collection":[{"href":"https:\/\/drlaptop.pl\/lp\/wp-json\/wp\/v2\/pages"}],"about":[{"href":"https:\/\/drlaptop.pl\/lp\/wp-json\/wp\/v2\/types\/page"}],"author":[{"embeddable":true,"href":"https:\/\/drlaptop.pl\/lp\/wp-json\/wp\/v2\/users\/1"}],"replies":[{"embeddable":true,"href":"https:\/\/drlaptop.pl\/lp\/wp-json\/wp\/v2\/comments?post=12954"}],"version-history":[{"count":8,"href":"https:\/\/drlaptop.pl\/lp\/wp-json\/wp\/v2\/pages\/12954\/revisions"}],"predecessor-version":[{"id":20738,"href":"https:\/\/drlaptop.pl\/lp\/wp-json\/wp\/v2\/pages\/12954\/revisions\/20738"}],"wp:attachment":[{"href":"https:\/\/drlaptop.pl\/lp\/wp-json\/wp\/v2\/media?parent=12954"}],"curies":[{"name":"wp","href":"https:\/\/api.w.org\/{rel}","templated":true}]}}